{"id":458,"date":"2018-09-03T21:49:03","date_gmt":"2018-09-03T20:49:03","guid":{"rendered":"http:\/\/ebrotulos.com\/?page_id=458"},"modified":"2022-07-05T10:09:44","modified_gmt":"2022-07-05T09:09:44","slug":"diseno-grafico-mallorca","status":"publish","type":"page","link":"https:\/\/ebrotulos.com\/ca\/diseno-grafico-mallorca","title":{"rendered":"Disseny Gr\u00e0fic"},"content":{"rendered":"<p>[et_pb_section bb_built=\u00bb1&#8243; fullwidth=\u00bbon\u00bb specialty=\u00bboff\u00bb next_background_color=\u00bb#000000&#8243;][et_pb_fullwidth_image _builder_version=\u00bb4.17.4&#8243; src=\u00bbhttps:\/\/ebrotulos.com\/wp-content\/uploads\/2022\/07\/6.webp\u00bb background_pattern_color=\u00bbrgba(0,0,0,0.2)\u00bb background_mask_color=\u00bb#ffffff\u00bb box_shadow_horizontal_tablet=\u00bb0px\u00bb box_shadow_vertical_tablet=\u00bb0px\u00bb box_shadow_blur_tablet=\u00bb40px\u00bb box_shadow_spread_tablet=\u00bb0px\u00bb vertical_offset_tablet=\u00bb0&#8243; horizontal_offset_tablet=\u00bb0&#8243; z_index_tablet=\u00bb0&#8243; \/][\/et_pb_section][et_pb_section bb_built=\u00bb1&#8243; admin_label=\u00bbCommitment Section\u00bb specialty=\u00bbon\u00bb padding_top_1=\u00bb80px\u00bb padding_left_1=\u00bb12%\u00bb padding_1_tablet=\u00bb0px|10%||10%\u00bb padding_1_last_edited=\u00bbon|tablet\u00bb _builder_version=\u00bb3.22&#8243; use_background_color_gradient=\u00bbon\u00bb background_color_gradient_start=\u00bbrgba(133,134,137,0)\u00bb background_color_gradient_end=\u00bb#f2f6f9&#8243; background_color_gradient_direction=\u00bb90deg\u00bb background_color_gradient_start_position=\u00bb80%\u00bb background_color_gradient_end_position=\u00bb80%\u00bb background_image=\u00bbhttps:\/\/ebrotulos.com\/wp-content\/uploads\/2018\/11\/Pizarra-120x120cm-3.jpg\u00bb inner_width=\u00bb100%\u00bb inner_max_width=\u00bb100%\u00bb custom_margin=\u00bb|||\u00bb custom_padding=\u00bb120px|0px|0|0px|false|false\u00bb animation_style=\u00bbslide\u00bb animation_direction=\u00bbright\u00bb animation_intensity_slide=\u00bb2%\u00bb use_custom_width=\u00bbon\u00bb width_unit=\u00bboff\u00bb custom_width_percent=\u00bb100%\u00bb background_color_gradient_stops=\u00bbrgba(133,134,137,0) 80%|#f2f6f9 80%\u00bb prev_background_color=\u00bb#ffffff\u00bb][et_pb_column type=\u00bb1_2&#8243;][et_pb_text admin_label=\u00bbTitle\u00bb _builder_version=\u00bb3.27.4&#8243; text_font=\u00bb||||||||\u00bb header_font=\u00bb||||||||\u00bb header_2_font=\u00bbMontserrat||||||||\u00bb header_2_font_size=\u00bb40px\u00bb header_2_line_height=\u00bb1.5em\u00bb max_width=\u00bb800px\u00bb custom_margin=\u00bb||20px|\u00bb custom_padding=\u00bb|||\u00bb custom_padding_tablet=\u00bb0px|10%||70px\u00bb custom_padding_phone=\u00bb0px|10%||50px\u00bb custom_padding_last_edited=\u00bboff|desktop\u00bb header_2_font_size_tablet=\u00bb35px\u00bb header_2_font_size_phone=\u00bb35px\u00bb header_2_font_size_last_edited=\u00bbon|phone\u00bb header_2_line_height_tablet=\u00bb1em\u00bb header_2_line_height_phone=\u00bb1.4em\u00bb header_2_line_height_last_edited=\u00bboff|desktop\u00bb]<\/p>\n<h2><span style=\"color: #ffffff;\">Disseny Gr\u00e0fic<\/span><\/h2>\n<p>[\/et_pb_text][et_pb_text admin_label=\u00bbParagraph\u00bb _builder_version=\u00bb3.27.4&#8243; text_font=\u00bbMontserrat||||||||\u00bb text_font_size=\u00bb16px\u00bb text_line_height=\u00bb2.2em\u00bb header_2_font=\u00bbMontserrat||||||||\u00bb header_2_text_color=\u00bb#21323d\u00bb header_2_font_size=\u00bb40px\u00bb header_2_line_height=\u00bb1.5em\u00bb max_width=\u00bb800px\u00bb custom_margin=\u00bb||80px|\u00bb custom_padding=\u00bb|||\u00bb custom_padding_tablet=\u00bb|100px||70px\u00bb custom_padding_phone=\u00bb|||50px\u00bb custom_padding_last_edited=\u00bboff|desktop\u00bb text_line_height_last_edited=\u00bboff|desktop\u00bb header_2_font_size_tablet=\u00bb35px\u00bb header_2_font_size_last_edited=\u00bbon|phone\u00bb header_2_line_height_tablet=\u00bb1em\u00bb header_2_line_height_phone=\u00bb1.4em\u00bb header_2_line_height_last_edited=\u00bboff|desktop\u00bb]<\/p>\n<p><span style=\"color: #ffffff;\">El mejor m\u00e9todo para generar visibilidad, es tener un visual competitivo y apetecible para tus futuros clientes, por eso trabajamos tu idea y la desarrollamos\u00a0hasta la completa aceptaci\u00f3n por parte del cliente.<\/span><\/p>\n<p><span style=\"color: #ffffff;\">Ponte en contacto con nosotros, nos adaptamos y damos la mejor soluci\u00f3n a cualquier tipo de propuesta, dise\u00f1o gr\u00e1fico Mallorca.<\/span><\/p>\n<p><span style=\"color: #ffffff;\">Tamb\u00e9 comptem amb<a style=\"color: #ffffff;\" href=\"https:\/\/ebrotulos.com\/ca\/impresion-digital-mallorca\/\"> Impressi\u00f3 Digital<\/a>.<\/span><\/p>\n<p>[\/et_pb_text][\/et_pb_column][et_pb_column type=\u00bb1_2&#8243; specialty_columns=\u00bb2&#8243;][et_pb_row_inner column_structure=\u00bb1_2,1_2&#8243; use_custom_gutter=\u00bbon\u00bb gutter_width=\u00bb1&#8243; make_equal=\u00bbon\u00bb _builder_version=\u00bb4.4.1&#8243; custom_padding=\u00bb0px|0px|0|0px|false|false\u00bb box_shadow_style=\u00bbpreset3&#8243; box_shadow_horizontal=\u00bb-40px\u00bb box_shadow_vertical=\u00bb40px\u00bb box_shadow_blur=\u00bb120px\u00bb box_shadow_spread=\u00bb-24px\u00bb box_shadow_color=\u00bbrgba(67,96,124,0.5)\u00bb][et_pb_column_inner type=\u00bb1_2&#8243; saved_specialty_column_type=\u00bb1_2&#8243; _builder_version=\u00bb4.4.1&#8243; background_color=\u00bb#e09900&#8243; custom_padding=\u00bb|||\u00bb background_color__hover=\u00bb#1777cf\u00bb parallax__hover=\u00bboff\u00bb parallax_method__hover=\u00bbon\u00bb custom_padding__hover=\u00bb|||\u00bb saved_specialty_column_type=\u00bb1_2&#8243;][et_pb_image src=\u00bbhttps:\/\/ebrotulos.com\/wp-content\/uploads\/2018\/11\/a8d50cb6-033d-4988-8b52-6256941ba213.jpg\u00bb align_tablet=\u00bbcenter\u00bb align_last_edited=\u00bbon|desktop\u00bb _builder_version=\u00bb3.23&#8243; locked=\u00bboff\u00bb]<\/p>\n<p><\/p>\n<p>[\/et_pb_image][et_pb_blurb title=\u00bb+0034 627 652 202&#8243; use_icon=\u00bbon\u00bb font_icon=\u00bb&amp;#xe090;||divi||400&#8243; icon_color=\u00bb#1576cd\u00bb use_circle=\u00bbon\u00bb circle_color=\u00bb#d5ebff\u00bb use_icon_font_size=\u00bbon\u00bb icon_font_size=\u00bb16px\u00bb _builder_version=\u00bb3.17.2&#8243; header_font=\u00bbMontserrat|500|||||||\u00bb text_orientation=\u00bbcenter\u00bb background_layout=\u00bbdark\u00bb custom_margin=\u00bb40px|20px||20px\u00bb custom_padding=\u00bb|||\u00bb image_icon_width=\u00bb16px\u00bb image_icon_background_color=\u00bb#d5ebff\u00bb image_icon_background_color__sticky_enabled=\u00bb#e09900&#8243; image_icon_background_color__sticky=\u00bb#e09900&#8243; border_radii_image=\u00bbon|100%|100%|100%|100%\u00bb image_icon_custom_padding=\u00bb25px|25px|25px|25px|false|false\u00bb]<\/p>\n<p><\/p>\n<p>[\/et_pb_blurb][et_pb_blurb title=\u00bbCarrer licorers n\u00ba 33 d, poligono marratxi\u00bb use_icon=\u00bbon\u00bb font_icon=\u00bb&amp;#xe081;||divi||400&#8243; icon_color=\u00bb#1576cd\u00bb use_circle=\u00bbon\u00bb circle_color=\u00bb#d5ebff\u00bb use_icon_font_size=\u00bbon\u00bb icon_font_size=\u00bb16px\u00bb _builder_version=\u00bb4.4.1&#8243; header_font=\u00bbMontserrat|500|||||||\u00bb text_orientation=\u00bbcenter\u00bb background_layout=\u00bbdark\u00bb custom_margin=\u00bb40px|20px||20px\u00bb custom_padding=\u00bb|||\u00bb image_icon_width=\u00bb16px\u00bb image_icon_background_color=\u00bb#d5ebff\u00bb image_icon_background_color__sticky_enabled=\u00bb#e09900&#8243; image_icon_background_color__sticky=\u00bb#e09900&#8243; border_radii_image=\u00bbon|100%|100%|100%|100%\u00bb image_icon_custom_padding=\u00bb25px|25px|25px|25px|false|false\u00bb]<\/p>\n<p><\/p>\n<p>[\/et_pb_blurb][et_pb_button admin_label=\u00bbCTA Button\u00bb button_url=\u00bbhttps:\/\/goo.gl\/photos\/z57TDeoiQXg84B9W9&#8243; button_text=\u00bbEjemplos \u00bb button_alignment=\u00bbcenter\u00bb _builder_version=\u00bb3.17.2&#8243; custom_button=\u00bbon\u00bb button_text_size=\u00bb14px\u00bb button_text_color=\u00bb#1777cf\u00bb button_bg_color=\u00bb#ffffff\u00bb button_border_width=\u00bb12px\u00bb button_border_color=\u00bb#ffffff\u00bb button_border_radius=\u00bb2px\u00bb button_font=\u00bbMontserrat|700||on|||||\u00bb custom_margin=\u00bb40px|20px|40px|20px\u00bb custom_padding=\u00bb|||\u00bb button_border_radius_hover=\u00bb4px\u00bb locked=\u00bboff\u00bb button_text_size__hover_enabled=\u00bboff\u00bb button_one_text_size__hover_enabled=\u00bboff\u00bb button_two_text_size__hover_enabled=\u00bboff\u00bb button_text_color__hover_enabled=\u00bboff\u00bb button_one_text_color__hover_enabled=\u00bboff\u00bb button_two_text_color__hover_enabled=\u00bboff\u00bb button_border_width__hover_enabled=\u00bboff\u00bb button_one_border_width__hover_enabled=\u00bboff\u00bb button_two_border_width__hover_enabled=\u00bboff\u00bb button_border_color__hover_enabled=\u00bboff\u00bb button_one_border_color__hover_enabled=\u00bboff\u00bb button_two_border_color__hover_enabled=\u00bboff\u00bb button_border_radius__hover_enabled=\u00bbon\u00bb button_border_radius__hover=\u00bb4px\u00bb button_one_border_radius__hover_enabled=\u00bboff\u00bb button_two_border_radius__hover_enabled=\u00bboff\u00bb button_letter_spacing__hover_enabled=\u00bboff\u00bb button_one_letter_spacing__hover_enabled=\u00bboff\u00bb button_two_letter_spacing__hover_enabled=\u00bboff\u00bb button_bg_color__hover_enabled=\u00bboff\u00bb button_one_bg_color__hover_enabled=\u00bboff\u00bb button_two_bg_color__hover_enabled=\u00bboff\u00bb]<\/p>\n<p><\/p>\n<p>[\/et_pb_button][\/et_pb_column_inner][et_pb_column_inner type=\u00bb1_2&#8243; saved_specialty_column_type=\u00bb1_2&#8243; _builder_version=\u00bb4.4.1&#8243; background_color=\u00bb#e09900&#8243; custom_padding=\u00bb|||\u00bb background_color__hover=\u00bb#1f3142&#8243; parallax__hover=\u00bboff\u00bb parallax_method__hover=\u00bbon\u00bb custom_padding__hover=\u00bb|||\u00bb saved_specialty_column_type=\u00bb1_2&#8243;][et_pb_image src=\u00bbhttps:\/\/ebrotulos.com\/wp-content\/uploads\/2018\/11\/WhatsApp-Image-2017-08-25-at-12.31.24.jpeg\u00bb align_tablet=\u00bbcenter\u00bb align_last_edited=\u00bbon|desktop\u00bb _builder_version=\u00bb3.23&#8243;]<\/p>\n<p><\/p>\n<p>[\/et_pb_image][et_pb_image src=\u00bbhttps:\/\/ebrotulos.com\/wp-content\/uploads\/2018\/11\/IMG-20160409-WA0000.jpg\u00bb align_tablet=\u00bbcenter\u00bb align_last_edited=\u00bbon|desktop\u00bb _builder_version=\u00bb3.23&#8243; locked=\u00bboff\u00bb]<\/p>\n<p><\/p>\n<p>[\/et_pb_image][\/et_pb_column_inner][\/et_pb_row_inner][\/et_pb_column][\/et_pb_section]<\/p>","protected":false},"excerpt":{"rendered":"<p>Dise\u00f1o Gr\u00e1fico El mejor m\u00e9todo para generar visibilidad, es tener un visual competitivo y apetecible para tus futuros clientes, por eso trabajamos tu idea y la desarrollamos\u00a0hasta la completa aceptaci\u00f3n por parte del cliente. Ponte en contacto con nosotros, nos adaptamos y damos la mejor soluci\u00f3n a cualquier tipo de propuesta, dise\u00f1o gr\u00e1fico Mallorca. Tambi\u00e9n [&hellip;]<\/p>","protected":false},"author":1,"featured_media":1321,"parent":0,"menu_order":0,"comment_status":"closed","ping_status":"closed","template":"","meta":{"_et_pb_use_builder":"on","_et_pb_old_content":"","_et_gb_content_width":"","footnotes":""},"dipi_cpt_category":[],"class_list":["post-458","page","type-page","status-publish","has-post-thumbnail","hentry"],"yoast_head":"<!-- This site is optimized with the Yoast SEO plugin v24.9 - https:\/\/yoast.com\/wordpress\/plugins\/seo\/ -->\n<title>\u25b7 Dise\u00f1o Gr\u00e1fico en Mallorca-Islas Baleares\u30102026 \u3011Mejores precios\u2714\ufe0f<\/title>\n<meta name=\"description\" content=\"El mejor dise\u00f1o gr\u00e1fico en Mallorca, y el resto de islas, experiencia y calidad a su disposici\u00f3n \u00a1pide presupuesto sin compromiso!\" \/>\n<meta name=\"robots\" content=\"index, follow, max-snippet:-1, max-image-preview:large, max-video-preview:-1\" \/>\n<link rel=\"canonical\" href=\"https:\/\/ebrotulos.com\/ca\/diseno-grafico-mallorca\/\" \/>\n<meta property=\"og:locale\" content=\"ca_ES\" \/>\n<meta property=\"og:type\" content=\"article\" \/>\n<meta property=\"og:title\" content=\"\u25b7 Dise\u00f1o Gr\u00e1fico en Mallorca-Islas Baleares\u30102026 \u3011Mejores precios\u2714\ufe0f\" \/>\n<meta property=\"og:description\" content=\"El mejor dise\u00f1o gr\u00e1fico en Mallorca, y el resto de islas, experiencia y calidad a su disposici\u00f3n \u00a1pide presupuesto sin compromiso!\" \/>\n<meta property=\"og:url\" content=\"https:\/\/ebrotulos.com\/ca\/diseno-grafico-mallorca\/\" \/>\n<meta property=\"og:site_name\" content=\"EB R\u00f3tulos\" \/>\n<meta property=\"article:modified_time\" content=\"2022-07-05T09:09:44+00:00\" \/>\n<meta property=\"og:image\" content=\"https:\/\/ebrotulos.com\/wp-content\/uploads\/2022\/07\/6.webp\" \/>\n\t<meta property=\"og:image:width\" content=\"1024\" \/>\n\t<meta property=\"og:image:height\" content=\"576\" \/>\n\t<meta property=\"og:image:type\" content=\"image\/webp\" \/>\n<meta name=\"twitter:card\" content=\"summary_large_image\" \/>\n<meta name=\"twitter:label1\" content=\"Temps estimat de lectura\" \/>\n\t<meta name=\"twitter:data1\" content=\"5 minuts\" \/>\n<script type=\"application\/ld+json\" class=\"yoast-schema-graph\">{\"@context\":\"https:\/\/schema.org\",\"@graph\":[{\"@type\":\"WebPage\",\"@id\":\"https:\/\/ebrotulos.com\/diseno-grafico-mallorca\",\"url\":\"https:\/\/ebrotulos.com\/diseno-grafico-mallorca\",\"name\":\"\u25b7 Dise\u00f1o Gr\u00e1fico en Mallorca-Islas Baleares\u30102026 \u3011Mejores precios\u2714\ufe0f\",\"isPartOf\":{\"@id\":\"https:\/\/ebrotulos.com\/#website\"},\"primaryImageOfPage\":{\"@id\":\"https:\/\/ebrotulos.com\/diseno-grafico-mallorca#primaryimage\"},\"image\":{\"@id\":\"https:\/\/ebrotulos.com\/diseno-grafico-mallorca#primaryimage\"},\"thumbnailUrl\":\"https:\/\/ebrotulos.com\/wp-content\/uploads\/2022\/07\/6.webp\",\"datePublished\":\"2018-09-03T20:49:03+00:00\",\"dateModified\":\"2022-07-05T09:09:44+00:00\",\"description\":\"El mejor dise\u00f1o gr\u00e1fico en Mallorca, y el resto de islas, experiencia y calidad a su disposici\u00f3n \u00a1pide presupuesto sin compromiso!\",\"breadcrumb\":{\"@id\":\"https:\/\/ebrotulos.com\/diseno-grafico-mallorca#breadcrumb\"},\"inLanguage\":\"ca\",\"potentialAction\":[{\"@type\":\"ReadAction\",\"target\":[\"https:\/\/ebrotulos.com\/diseno-grafico-mallorca\"]}]},{\"@type\":\"ImageObject\",\"inLanguage\":\"ca\",\"@id\":\"https:\/\/ebrotulos.com\/diseno-grafico-mallorca#primaryimage\",\"url\":\"https:\/\/ebrotulos.com\/wp-content\/uploads\/2022\/07\/6.webp\",\"contentUrl\":\"https:\/\/ebrotulos.com\/wp-content\/uploads\/2022\/07\/6.webp\",\"width\":1024,\"height\":576,\"caption\":\"DISE\u00d1O GRAFICO MALLORCA\"},{\"@type\":\"BreadcrumbList\",\"@id\":\"https:\/\/ebrotulos.com\/diseno-grafico-mallorca#breadcrumb\",\"itemListElement\":[{\"@type\":\"ListItem\",\"position\":1,\"name\":\"Portada\",\"item\":\"https:\/\/ebrotulos.com\/\"},{\"@type\":\"ListItem\",\"position\":2,\"name\":\"Dise\u00f1o Gr\u00e1fico\"}]},{\"@type\":\"WebSite\",\"@id\":\"https:\/\/ebrotulos.com\/#website\",\"url\":\"https:\/\/ebrotulos.com\/\",\"name\":\"EB R\u00f3tulos\",\"description\":\"R\u00f3tulos en Mallorca\",\"publisher\":{\"@id\":\"https:\/\/ebrotulos.com\/#organization\"},\"potentialAction\":[{\"@type\":\"SearchAction\",\"target\":{\"@type\":\"EntryPoint\",\"urlTemplate\":\"https:\/\/ebrotulos.com\/?s={search_term_string}\"},\"query-input\":{\"@type\":\"PropertyValueSpecification\",\"valueRequired\":true,\"valueName\":\"search_term_string\"}}],\"inLanguage\":\"ca\"},{\"@type\":\"Organization\",\"@id\":\"https:\/\/ebrotulos.com\/#organization\",\"name\":\"EB R\u00f3tulos\",\"url\":\"https:\/\/ebrotulos.com\/\",\"logo\":{\"@type\":\"ImageObject\",\"inLanguage\":\"ca\",\"@id\":\"https:\/\/ebrotulos.com\/#\/schema\/logo\/image\/\",\"url\":\"https:\/\/ebrotulos.com\/wp-content\/uploads\/2019\/01\/fon-principal-2.jpg\",\"contentUrl\":\"https:\/\/ebrotulos.com\/wp-content\/uploads\/2019\/01\/fon-principal-2.jpg\",\"width\":900,\"height\":435,\"caption\":\"EB R\u00f3tulos\"},\"image\":{\"@id\":\"https:\/\/ebrotulos.com\/#\/schema\/logo\/image\/\"}}]}<\/script>\n<!-- \/ Yoast SEO plugin. -->","yoast_head_json":{"title":"\u25b7 Dise\u00f1o Gr\u00e1fico en Mallorca-Islas Baleares\u30102026 \u3011Mejores precios\u2714\ufe0f","description":"El mejor dise\u00f1o gr\u00e1fico en Mallorca, y el resto de islas, experiencia y calidad a su disposici\u00f3n \u00a1pide presupuesto sin compromiso!","robots":{"index":"index","follow":"follow","max-snippet":"max-snippet:-1","max-image-preview":"max-image-preview:large","max-video-preview":"max-video-preview:-1"},"canonical":"https:\/\/ebrotulos.com\/ca\/diseno-grafico-mallorca\/","og_locale":"ca_ES","og_type":"article","og_title":"\u25b7 Dise\u00f1o Gr\u00e1fico en Mallorca-Islas Baleares\u30102026 \u3011Mejores precios\u2714\ufe0f","og_description":"El mejor dise\u00f1o gr\u00e1fico en Mallorca, y el resto de islas, experiencia y calidad a su disposici\u00f3n \u00a1pide presupuesto sin compromiso!","og_url":"https:\/\/ebrotulos.com\/ca\/diseno-grafico-mallorca\/","og_site_name":"EB R\u00f3tulos","article_modified_time":"2022-07-05T09:09:44+00:00","og_image":[{"width":1024,"height":576,"url":"https:\/\/ebrotulos.com\/wp-content\/uploads\/2022\/07\/6.webp","type":"image\/webp"}],"twitter_card":"summary_large_image","twitter_misc":{"Temps estimat de lectura":"5 minuts"},"schema":{"@context":"https:\/\/schema.org","@graph":[{"@type":"WebPage","@id":"https:\/\/ebrotulos.com\/diseno-grafico-mallorca","url":"https:\/\/ebrotulos.com\/diseno-grafico-mallorca","name":"\u25b7 Dise\u00f1o Gr\u00e1fico en Mallorca-Islas Baleares\u30102026 \u3011Mejores precios\u2714\ufe0f","isPartOf":{"@id":"https:\/\/ebrotulos.com\/#website"},"primaryImageOfPage":{"@id":"https:\/\/ebrotulos.com\/diseno-grafico-mallorca#primaryimage"},"image":{"@id":"https:\/\/ebrotulos.com\/diseno-grafico-mallorca#primaryimage"},"thumbnailUrl":"https:\/\/ebrotulos.com\/wp-content\/uploads\/2022\/07\/6.webp","datePublished":"2018-09-03T20:49:03+00:00","dateModified":"2022-07-05T09:09:44+00:00","description":"El mejor dise\u00f1o gr\u00e1fico en Mallorca, y el resto de islas, experiencia y calidad a su disposici\u00f3n \u00a1pide presupuesto sin compromiso!","breadcrumb":{"@id":"https:\/\/ebrotulos.com\/diseno-grafico-mallorca#breadcrumb"},"inLanguage":"ca","potentialAction":[{"@type":"ReadAction","target":["https:\/\/ebrotulos.com\/diseno-grafico-mallorca"]}]},{"@type":"ImageObject","inLanguage":"ca","@id":"https:\/\/ebrotulos.com\/diseno-grafico-mallorca#primaryimage","url":"https:\/\/ebrotulos.com\/wp-content\/uploads\/2022\/07\/6.webp","contentUrl":"https:\/\/ebrotulos.com\/wp-content\/uploads\/2022\/07\/6.webp","width":1024,"height":576,"caption":"DISE\u00d1O GRAFICO MALLORCA"},{"@type":"BreadcrumbList","@id":"https:\/\/ebrotulos.com\/diseno-grafico-mallorca#breadcrumb","itemListElement":[{"@type":"ListItem","position":1,"name":"Portada","item":"https:\/\/ebrotulos.com\/"},{"@type":"ListItem","position":2,"name":"Dise\u00f1o Gr\u00e1fico"}]},{"@type":"WebSite","@id":"https:\/\/ebrotulos.com\/#website","url":"https:\/\/ebrotulos.com\/","name":"EB R\u00f3tulos","description":"R\u00f3tulos en Mallorca","publisher":{"@id":"https:\/\/ebrotulos.com\/#organization"},"potentialAction":[{"@type":"SearchAction","target":{"@type":"EntryPoint","urlTemplate":"https:\/\/ebrotulos.com\/?s={search_term_string}"},"query-input":{"@type":"PropertyValueSpecification","valueRequired":true,"valueName":"search_term_string"}}],"inLanguage":"ca"},{"@type":"Organization","@id":"https:\/\/ebrotulos.com\/#organization","name":"EB R\u00f3tulos","url":"https:\/\/ebrotulos.com\/","logo":{"@type":"ImageObject","inLanguage":"ca","@id":"https:\/\/ebrotulos.com\/#\/schema\/logo\/image\/","url":"https:\/\/ebrotulos.com\/wp-content\/uploads\/2019\/01\/fon-principal-2.jpg","contentUrl":"https:\/\/ebrotulos.com\/wp-content\/uploads\/2019\/01\/fon-principal-2.jpg","width":900,"height":435,"caption":"EB R\u00f3tulos"},"image":{"@id":"https:\/\/ebrotulos.com\/#\/schema\/logo\/image\/"}}]}},"_links":{"self":[{"href":"https:\/\/ebrotulos.com\/ca\/wp-json\/wp\/v2\/pages\/458","targetHints":{"allow":["GET"]}}],"collection":[{"href":"https:\/\/ebrotulos.com\/ca\/wp-json\/wp\/v2\/pages"}],"about":[{"href":"https:\/\/ebrotulos.com\/ca\/wp-json\/wp\/v2\/types\/page"}],"author":[{"embeddable":true,"href":"https:\/\/ebrotulos.com\/ca\/wp-json\/wp\/v2\/users\/1"}],"replies":[{"embeddable":true,"href":"https:\/\/ebrotulos.com\/ca\/wp-json\/wp\/v2\/comments?post=458"}],"version-history":[{"count":0,"href":"https:\/\/ebrotulos.com\/ca\/wp-json\/wp\/v2\/pages\/458\/revisions"}],"wp:featuredmedia":[{"embeddable":true,"href":"https:\/\/ebrotulos.com\/ca\/wp-json\/wp\/v2\/media\/1321"}],"wp:attachment":[{"href":"https:\/\/ebrotulos.com\/ca\/wp-json\/wp\/v2\/media?parent=458"}],"wp:term":[{"taxonomy":"dipi_cpt_category","embeddable":true,"href":"https:\/\/ebrotulos.com\/ca\/wp-json\/wp\/v2\/dipi_cpt_category?post=458"}],"curies":[{"name":"wp","href":"https:\/\/api.w.org\/{rel}","templated":true}]}}