{"id":1116,"date":"2020-03-24T08:53:11","date_gmt":"2020-03-24T07:53:11","guid":{"rendered":"https:\/\/ebrotulos.com\/?page_id=1116"},"modified":"2022-08-27T18:44:27","modified_gmt":"2022-08-27T17:44:27","slug":"neon-led","status":"publish","type":"page","link":"https:\/\/ebrotulos.com\/ca\/neon-led","title":{"rendered":"Ne\u00f3 Led"},"content":{"rendered":"<p>[et_pb_section fb_built=\u00bb1&#8243; fullwidth=\u00bbon\u00bb _builder_version=\u00bb4.16&#8243; global_colors_info=\u00bb{}\u00bb][et_pb_fullwidth_image src=\u00bbhttps:\/\/ebrotulos.com\/wp-content\/uploads\/2022\/07\/10.webp\u00bb _builder_version=\u00bb4.17.4&#8243; vertical_offset_tablet=\u00bb0&#8243; horizontal_offset_tablet=\u00bb0&#8243; z_index_tablet=\u00bb0&#8243; box_shadow_horizontal_tablet=\u00bb0px\u00bb box_shadow_vertical_tablet=\u00bb0px\u00bb box_shadow_blur_tablet=\u00bb40px\u00bb box_shadow_spread_tablet=\u00bb0px\u00bb global_colors_info=\u00bb{}\u00bb][\/et_pb_fullwidth_image][\/et_pb_section][et_pb_section fb_built=\u00bb1&#8243; specialty=\u00bbon\u00bb padding_top_1=\u00bb80px\u00bb padding_left_1=\u00bb12%\u00bb padding_1_tablet=\u00bb0px|10%||10%\u00bb padding_1_phone=\u00bb\u00bb padding_1_last_edited=\u00bbon|tablet\u00bb admin_label=\u00bbCommitment Section\u00bb _builder_version=\u00bb4.16&#8243; use_background_color_gradient=\u00bbon\u00bb background_color_gradient_direction=\u00bb90deg\u00bb background_color_gradient_stops=\u00bbrgba(242,246,249,0) 80%|#f2f6f9 80%\u00bb background_color_gradient_start=\u00bbrgba(242,246,249,0)\u00bb background_color_gradient_start_position=\u00bb80%\u00bb background_color_gradient_end=\u00bb#f2f6f9&#8243; background_color_gradient_end_position=\u00bb80%\u00bb inner_width=\u00bb100%\u00bb inner_max_width=\u00bb100%\u00bb custom_margin=\u00bb|||\u00bb custom_padding=\u00bb120px|0px|120px|0px\u00bb animation_style=\u00bbslide\u00bb animation_direction=\u00bbright\u00bb animation_intensity_slide=\u00bb2%\u00bb use_custom_width=\u00bbon\u00bb width_unit=\u00bboff\u00bb custom_width_percent=\u00bb100%\u00bb locked=\u00bboff\u00bb global_colors_info=\u00bb{}\u00bb][et_pb_column type=\u00bb1_2&#8243; _builder_version=\u00bb4.16&#8243; custom_padding=\u00bb|||\u00bb global_colors_info=\u00bb{}\u00bb custom_padding__hover=\u00bb|||\u00bb][et_pb_text admin_label=\u00bbTitle\u00bb _builder_version=\u00bb4.16&#8243; header_2_font=\u00bbMontserrat||||||||\u00bb header_2_font_size=\u00bb40px\u00bb header_2_line_height=\u00bb1.5em\u00bb max_width=\u00bb800px\u00bb custom_margin=\u00bb||20px|\u00bb custom_padding=\u00bb|||\u00bb custom_padding_tablet=\u00bb0px|10%||70px\u00bb custom_padding_phone=\u00bb0px|10%||50px\u00bb custom_padding_last_edited=\u00bboff|desktop\u00bb header_2_font_size_tablet=\u00bb35px\u00bb header_2_font_size_phone=\u00bb\u00bb header_2_font_size_last_edited=\u00bbon|phone\u00bb header_2_line_height_tablet=\u00bb1em\u00bb header_2_line_height_phone=\u00bb1.4em\u00bb header_2_line_height_last_edited=\u00bboff|desktop\u00bb global_colors_info=\u00bb{}\u00bb]<\/p>\n<h2>Ne\u00f3 led Mallorca<\/h2>\n<p>[\/et_pb_text][et_pb_text admin_label=\u00bbParagraph\u00bb _builder_version=\u00bb4.16&#8243; text_font=\u00bbMontserrat||||||||\u00bb text_font_size=\u00bb16px\u00bb text_line_height=\u00bb2.2em\u00bb header_2_font=\u00bbMontserrat||||||||\u00bb header_2_text_color=\u00bb#21323d\u00bb header_2_font_size=\u00bb40px\u00bb header_2_line_height=\u00bb1.5em\u00bb max_width=\u00bb800px\u00bb custom_margin=\u00bb||80px|\u00bb custom_padding=\u00bb|||\u00bb custom_padding_tablet=\u00bb|100px||70px\u00bb custom_padding_phone=\u00bb|||50px\u00bb custom_padding_last_edited=\u00bboff|desktop\u00bb text_line_height_last_edited=\u00bboff|desktop\u00bb header_2_font_size_tablet=\u00bb35px\u00bb header_2_font_size_phone=\u00bb\u00bb header_2_font_size_last_edited=\u00bbon|phone\u00bb header_2_line_height_tablet=\u00bb1em\u00bb header_2_line_height_phone=\u00bb1.4em\u00bb header_2_line_height_last_edited=\u00bboff|desktop\u00bb global_colors_info=\u00bb{}\u00bb]<\/p>\n<p>Qualsevol tipus d&#039;idea tant en un color com en diversos colors, en tenir la fabricaci\u00f3 pr\u00f2pia\npodem produir la teva idea al millor preu, sense intermediaris!!!<\/p>\n<p>Tamb\u00e9 comptem amb<a href=\"https:\/\/ebrotulos.com\/ca\/rotulos-sin-iluminacion\/\"> R\u00e8tols sense Il\u00b7luminaci\u00f3<\/a>.<\/p>\n<p>[\/et_pb_text][et_pb_blurb title=\u00bbFabricaci\u00f3n propia en taller\u00bb image=\u00bbhttps:\/\/ebrotulos.com\/wp-content\/uploads\/2018\/09\/Check_Icon.jpg\u00bb icon_placement=\u00bbleft\u00bb content_max_width=\u00bb100%\u00bb admin_label=\u00bbService\u00bb _builder_version=\u00bb4.16&#8243; header_font=\u00bbMontserrat||||||||\u00bb header_text_color=\u00bb#5c6e7a\u00bb header_font_size=\u00bb15px\u00bb custom_padding=\u00bb|||\u00bb custom_padding_tablet=\u00bb||20px|\u00bb custom_padding_phone=\u00bb|||\u00bb custom_padding_last_edited=\u00bboff|desktop\u00bb global_colors_info=\u00bb{}\u00bb]<br \/>\n[\/et_pb_blurb][et_pb_blurb title=\u00bbFabricacion en base a las medidas del cliente\u00bb image=\u00bbhttps:\/\/ebrotulos.com\/wp-content\/uploads\/2018\/09\/Check_Icon.jpg\u00bb icon_placement=\u00bbleft\u00bb content_max_width=\u00bb100%\u00bb admin_label=\u00bbService\u00bb _builder_version=\u00bb4.16&#8243; header_font=\u00bbMontserrat||||||||\u00bb header_text_color=\u00bb#5c6e7a\u00bb header_font_size=\u00bb15px\u00bb custom_padding=\u00bb|||\u00bb custom_padding_tablet=\u00bb||20px|\u00bb custom_padding_phone=\u00bb|||\u00bb custom_padding_last_edited=\u00bboff|desktop\u00bb global_colors_info=\u00bb{}\u00bb]<br \/>\n[\/et_pb_blurb][et_pb_blurb title=\u00bbControlador incorporado\u00bb image=\u00bbhttps:\/\/ebrotulos.com\/wp-content\/uploads\/2018\/09\/Check_Icon.jpg\u00bb icon_placement=\u00bbleft\u00bb content_max_width=\u00bb100%\u00bb admin_label=\u00bbService\u00bb _builder_version=\u00bb4.18.0&#8243; header_font=\u00bbMontserrat||||||||\u00bb header_text_color=\u00bb#5c6e7a\u00bb header_font_size=\u00bb15px\u00bb custom_padding=\u00bb||4px|||\u00bb custom_padding_tablet=\u00bb||20px|\u00bb custom_padding_phone=\u00bb|||\u00bb custom_padding_last_edited=\u00bboff|desktop\u00bb hover_enabled=\u00bb0&#8243; global_colors_info=\u00bb{}\u00bb sticky_enabled=\u00bb0&#8243;][\/et_pb_blurb][et_pb_blurb title=\u00bbDisponible con base de madera, acr\u00edlico, pvc, etc&#8230;\u00bb image=\u00bbhttps:\/\/ebrotulos.com\/wp-content\/uploads\/2018\/09\/Check_Icon.jpg\u00bb icon_placement=\u00bbleft\u00bb content_max_width=\u00bb100%\u00bb admin_label=\u00bbService\u00bb _builder_version=\u00bb4.18.0&#8243; header_font=\u00bbMontserrat||||||||\u00bb header_text_color=\u00bb#5c6e7a\u00bb header_font_size=\u00bb15px\u00bb custom_padding=\u00bb|||\u00bb custom_padding_tablet=\u00bb||20px|\u00bb custom_padding_phone=\u00bb|||\u00bb custom_padding_last_edited=\u00bboff|desktop\u00bb hover_enabled=\u00bb0&#8243; global_colors_info=\u00bb{}\u00bb sticky_enabled=\u00bb0&#8243;][\/et_pb_blurb][\/et_pb_column][et_pb_column type=\u00bb1_2&#8243; specialty_columns=\u00bb2&#8243; _builder_version=\u00bb4.16&#8243; custom_padding=\u00bb|||\u00bb global_colors_info=\u00bb{}\u00bb custom_padding__hover=\u00bb|||\u00bb][et_pb_row_inner column_structure=\u00bb1_2,1_2&#8243; use_custom_gutter=\u00bbon\u00bb gutter_width=\u00bb1&#8243; make_equal=\u00bbon\u00bb _builder_version=\u00bb4.18.0&#8243; custom_padding=\u00bb0px|0px|0|0px\u00bb box_shadow_style=\u00bbpreset3&#8243; box_shadow_horizontal=\u00bb-40px\u00bb box_shadow_vertical=\u00bb40px\u00bb box_shadow_blur=\u00bb120px\u00bb box_shadow_spread=\u00bb-24px\u00bb box_shadow_color=\u00bbrgba(67,96,124,0.5)\u00bb global_colors_info=\u00bb{}\u00bb][et_pb_column_inner type=\u00bb1_2&#8243; saved_specialty_column_type=\u00bb1_2&#8243; _builder_version=\u00bb4.16&#8243; background_color=\u00bb#e09900&#8243; custom_padding=\u00bb|||\u00bb global_colors_info=\u00bb{}\u00bb background_color__hover=\u00bb#1777cf\u00bb parallax__hover=\u00bboff\u00bb parallax_method__hover=\u00bbon\u00bb custom_padding__hover=\u00bb|||\u00bb][et_pb_image src=\u00bbhttps:\/\/ebrotulos.com\/wp-content\/uploads\/2021\/09\/ghosts-neon-4-1-scaled.jpg\u00bb title_text=\u00bbghosts neon (4)\u00bb align_tablet=\u00bbcenter\u00bb align_phone=\u00bb\u00bb align_last_edited=\u00bbon|desktop\u00bb _builder_version=\u00bb4.16&#8243; locked=\u00bboff\u00bb global_colors_info=\u00bb{}\u00bb]<br \/>\n[\/et_pb_image][et_pb_image src=\u00bbhttps:\/\/ebrotulos.com\/wp-content\/uploads\/2021\/09\/fit-it-woman-5-scaled.jpg\u00bb title_text=\u00bbfit it woman (5)\u00bb align_tablet=\u00bbcenter\u00bb align_phone=\u00bb\u00bb align_last_edited=\u00bbon|desktop\u00bb _builder_version=\u00bb4.16&#8243; locked=\u00bboff\u00bb global_colors_info=\u00bb{}\u00bb]<br \/>\n[\/et_pb_image][et_pb_image src=\u00bbhttps:\/\/ebrotulos.com\/wp-content\/uploads\/2021\/09\/the-ivy-lab-neon-2-scaled.jpg\u00bb title_text=\u00bbthe ivy lab neon (2)\u00bb align_tablet=\u00bbcenter\u00bb align_phone=\u00bb\u00bb align_last_edited=\u00bbon|desktop\u00bb _builder_version=\u00bb4.16&#8243; locked=\u00bboff\u00bb global_colors_info=\u00bb{}\u00bb]<br \/>\n[\/et_pb_image][et_pb_image src=\u00bbhttps:\/\/ebrotulos.com\/wp-content\/uploads\/2021\/09\/pokemania-7-scaled.jpg\u00bb title_text=\u00bbpokemania (7)\u00bb align_tablet=\u00bbcenter\u00bb align_phone=\u00bb\u00bb align_last_edited=\u00bbon|desktop\u00bb _builder_version=\u00bb4.16&#8243; locked=\u00bboff\u00bb global_colors_info=\u00bb{}\u00bb]<br \/>\n[\/et_pb_image][et_pb_blurb title=\u00bb+34 627 652 202&#8243; use_icon=\u00bbon\u00bb font_icon=\u00bb&#xe090;||divi||400&#8243; icon_color=\u00bb#1576cd\u00bb image_icon_background_color=\u00bb#d5ebff\u00bb image_icon_width=\u00bb16px\u00bb _builder_version=\u00bb4.16&#8243; header_font=\u00bbMontserrat|500|||||||\u00bb image_icon_custom_padding=\u00bb25px|25px|25px|25px|false|false\u00bb text_orientation=\u00bbcenter\u00bb background_layout=\u00bbdark\u00bb custom_margin=\u00bb40px|20px||20px\u00bb custom_padding=\u00bb|||\u00bb border_radii_image=\u00bbon|100%|100%|100%|100%\u00bb icon_font_size=\u00bb16px\u00bb use_circle=\u00bbon\u00bb circle_color=\u00bb#d5ebff\u00bb global_colors_info=\u00bb{}\u00bb image_icon_background_color__sticky_enabled=\u00bb#e09900&#8243; image_icon_background_color__sticky=\u00bb#e09900&#8243;]<br \/>\n[\/et_pb_blurb][et_pb_blurb title=\u00bbC\/ licorers 33 d Poligono de Marratxi\u00bb use_icon=\u00bbon\u00bb font_icon=\u00bb&#xe081;||divi||400&#8243; icon_color=\u00bb#1576cd\u00bb image_icon_background_color=\u00bb#d5ebff\u00bb image_icon_width=\u00bb16px\u00bb _builder_version=\u00bb4.16&#8243; header_font=\u00bbMontserrat|500|||||||\u00bb image_icon_custom_padding=\u00bb25px|25px|25px|25px|false|false\u00bb text_orientation=\u00bbcenter\u00bb background_layout=\u00bbdark\u00bb custom_margin=\u00bb40px|20px||20px\u00bb custom_padding=\u00bb|||\u00bb border_radii_image=\u00bbon|100%|100%|100%|100%\u00bb icon_font_size=\u00bb16px\u00bb use_circle=\u00bbon\u00bb circle_color=\u00bb#d5ebff\u00bb global_colors_info=\u00bb{}\u00bb image_icon_background_color__sticky_enabled=\u00bb#e09900&#8243; image_icon_background_color__sticky=\u00bb#e09900&#8243;]<br \/>\n[\/et_pb_blurb][\/et_pb_column_inner][et_pb_column_inner type=\u00bb1_2&#8243; saved_specialty_column_type=\u00bb1_2&#8243; _builder_version=\u00bb4.16&#8243; background_color=\u00bb#e09900&#8243; custom_padding=\u00bb|||\u00bb global_colors_info=\u00bb{}\u00bb background_color__hover=\u00bb#1f3142&#8243; parallax__hover=\u00bboff\u00bb parallax_method__hover=\u00bbon\u00bb custom_padding__hover=\u00bb|||\u00bb][et_pb_image src=\u00bbhttps:\/\/ebrotulos.com\/wp-content\/uploads\/2021\/09\/fit-club-1-scaled.jpg\u00bb title_text=\u00bbfit club (1)\u00bb align_tablet=\u00bbcenter\u00bb align_phone=\u00bb\u00bb align_last_edited=\u00bbon|desktop\u00bb _builder_version=\u00bb4.16&#8243; global_colors_info=\u00bb{}\u00bb]<br \/>\n[\/et_pb_image][et_pb_image src=\u00bbhttps:\/\/ebrotulos.com\/wp-content\/uploads\/2021\/09\/bendita-1-scaled.jpeg\u00bb title_text=\u00bbbendita (1)\u00bb align_tablet=\u00bbcenter\u00bb align_phone=\u00bb\u00bb align_last_edited=\u00bbon|desktop\u00bb _builder_version=\u00bb4.16&#8243; global_colors_info=\u00bb{}\u00bb]<br \/>\n[\/et_pb_image][et_pb_image src=\u00bbhttps:\/\/ebrotulos.com\/wp-content\/uploads\/2021\/09\/the2-12.jpeg\u00bb title_text=\u00bbthe2 (12)\u00bb align_tablet=\u00bbcenter\u00bb align_phone=\u00bb\u00bb align_last_edited=\u00bbon|desktop\u00bb _builder_version=\u00bb4.16&#8243; global_colors_info=\u00bb{}\u00bb]<br \/>\n[\/et_pb_image][et_pb_image src=\u00bbhttps:\/\/ebrotulos.com\/wp-content\/uploads\/2022\/08\/neon-led-bulldog-3.jpg\u00bb title_text=\u00bbneon led bulldog (3)\u00bb _builder_version=\u00bb4.18.0&#8243; _module_preset=\u00bbdefault\u00bb global_colors_info=\u00bb{}\u00bb][\/et_pb_image][\/et_pb_column_inner][\/et_pb_row_inner][\/et_pb_column][\/et_pb_section]<\/p>","protected":false},"excerpt":{"rendered":"<p>Ne\u00f3n led Mallorca Cualquier tipo de idea tanto en un color como en varios colores, al tener la fabricaci\u00f3n propia podemos producir tu idea al mejor precio, sin intermediarios!!! Tambi\u00e9n contamos con R\u00f3tulos sin Iluminaci\u00f3n.<\/p>","protected":false},"author":2,"featured_media":1325,"parent":0,"menu_order":0,"comment_status":"closed","ping_status":"closed","template":"","meta":{"_et_pb_use_builder":"on","_et_pb_old_content":"","_et_gb_content_width":"","footnotes":""},"dipi_cpt_category":[],"class_list":["post-1116","page","type-page","status-publish","has-post-thumbnail","hentry"],"yoast_head":"<!-- This site is optimized with the Yoast SEO plugin v24.9 - https:\/\/yoast.com\/wordpress\/plugins\/seo\/ -->\n<title>\u25b7 Ne\u00f3n LED en Mallorca\u30102026 \u3011Mejores precios\u2714\ufe0f<\/title>\n<meta name=\"description\" content=\"\u25b7 Los mejores Neones led Mallorca para negocios, experiencia y calidad a su disposici\u00f3n . Fabricaci\u00f3n propia 100%\" \/>\n<meta name=\"robots\" content=\"index, follow, max-snippet:-1, max-image-preview:large, max-video-preview:-1\" \/>\n<link rel=\"canonical\" href=\"https:\/\/ebrotulos.com\/ca\/neon-led\/\" \/>\n<meta property=\"og:locale\" content=\"ca_ES\" \/>\n<meta property=\"og:type\" content=\"article\" \/>\n<meta property=\"og:title\" content=\"\u25b7 Ne\u00f3n LED en Mallorca\u30102026 \u3011Mejores precios\u2714\ufe0f\" \/>\n<meta property=\"og:description\" content=\"\u25b7 Los mejores Neones led Mallorca para negocios, experiencia y calidad a su disposici\u00f3n . Fabricaci\u00f3n propia 100%\" \/>\n<meta property=\"og:url\" content=\"https:\/\/ebrotulos.com\/ca\/neon-led\/\" \/>\n<meta property=\"og:site_name\" content=\"EB R\u00f3tulos\" \/>\n<meta property=\"article:modified_time\" content=\"2022-08-27T17:44:27+00:00\" \/>\n<meta property=\"og:image\" content=\"https:\/\/ebrotulos.com\/wp-content\/uploads\/2022\/07\/10.webp\" \/>\n\t<meta property=\"og:image:width\" content=\"1024\" \/>\n\t<meta property=\"og:image:height\" content=\"576\" \/>\n\t<meta property=\"og:image:type\" content=\"image\/webp\" \/>\n<meta name=\"twitter:card\" content=\"summary_large_image\" \/>\n<meta name=\"twitter:label1\" content=\"Temps estimat de lectura\" \/>\n\t<meta name=\"twitter:data1\" content=\"6 minuts\" \/>\n<script type=\"application\/ld+json\" class=\"yoast-schema-graph\">{\"@context\":\"https:\/\/schema.org\",\"@graph\":[{\"@type\":\"WebPage\",\"@id\":\"https:\/\/ebrotulos.com\/neon-led\",\"url\":\"https:\/\/ebrotulos.com\/neon-led\",\"name\":\"\u25b7 Ne\u00f3n LED en Mallorca\u30102026 \u3011Mejores precios\u2714\ufe0f\",\"isPartOf\":{\"@id\":\"https:\/\/ebrotulos.com\/#website\"},\"primaryImageOfPage\":{\"@id\":\"https:\/\/ebrotulos.com\/neon-led#primaryimage\"},\"image\":{\"@id\":\"https:\/\/ebrotulos.com\/neon-led#primaryimage\"},\"thumbnailUrl\":\"https:\/\/ebrotulos.com\/wp-content\/uploads\/2022\/07\/10.webp\",\"datePublished\":\"2020-03-24T07:53:11+00:00\",\"dateModified\":\"2022-08-27T17:44:27+00:00\",\"description\":\"\u25b7 Los mejores Neones led Mallorca para negocios, experiencia y calidad a su disposici\u00f3n . Fabricaci\u00f3n propia 100%\",\"breadcrumb\":{\"@id\":\"https:\/\/ebrotulos.com\/neon-led#breadcrumb\"},\"inLanguage\":\"ca\",\"potentialAction\":[{\"@type\":\"ReadAction\",\"target\":[\"https:\/\/ebrotulos.com\/neon-led\"]}]},{\"@type\":\"ImageObject\",\"inLanguage\":\"ca\",\"@id\":\"https:\/\/ebrotulos.com\/neon-led#primaryimage\",\"url\":\"https:\/\/ebrotulos.com\/wp-content\/uploads\/2022\/07\/10.webp\",\"contentUrl\":\"https:\/\/ebrotulos.com\/wp-content\/uploads\/2022\/07\/10.webp\",\"width\":1024,\"height\":576,\"caption\":\"NEON LED MALLORCA\"},{\"@type\":\"BreadcrumbList\",\"@id\":\"https:\/\/ebrotulos.com\/neon-led#breadcrumb\",\"itemListElement\":[{\"@type\":\"ListItem\",\"position\":1,\"name\":\"Portada\",\"item\":\"https:\/\/ebrotulos.com\/\"},{\"@type\":\"ListItem\",\"position\":2,\"name\":\"Ne\u00f3n Led\"}]},{\"@type\":\"WebSite\",\"@id\":\"https:\/\/ebrotulos.com\/#website\",\"url\":\"https:\/\/ebrotulos.com\/\",\"name\":\"EB R\u00f3tulos\",\"description\":\"R\u00f3tulos en Mallorca\",\"publisher\":{\"@id\":\"https:\/\/ebrotulos.com\/#organization\"},\"potentialAction\":[{\"@type\":\"SearchAction\",\"target\":{\"@type\":\"EntryPoint\",\"urlTemplate\":\"https:\/\/ebrotulos.com\/?s={search_term_string}\"},\"query-input\":{\"@type\":\"PropertyValueSpecification\",\"valueRequired\":true,\"valueName\":\"search_term_string\"}}],\"inLanguage\":\"ca\"},{\"@type\":\"Organization\",\"@id\":\"https:\/\/ebrotulos.com\/#organization\",\"name\":\"EB R\u00f3tulos\",\"url\":\"https:\/\/ebrotulos.com\/\",\"logo\":{\"@type\":\"ImageObject\",\"inLanguage\":\"ca\",\"@id\":\"https:\/\/ebrotulos.com\/#\/schema\/logo\/image\/\",\"url\":\"https:\/\/ebrotulos.com\/wp-content\/uploads\/2019\/01\/fon-principal-2.jpg\",\"contentUrl\":\"https:\/\/ebrotulos.com\/wp-content\/uploads\/2019\/01\/fon-principal-2.jpg\",\"width\":900,\"height\":435,\"caption\":\"EB R\u00f3tulos\"},\"image\":{\"@id\":\"https:\/\/ebrotulos.com\/#\/schema\/logo\/image\/\"}}]}<\/script>\n<!-- \/ Yoast SEO plugin. -->","yoast_head_json":{"title":"\u25b7 Ne\u00f3n LED en Mallorca\u30102026 \u3011Mejores precios\u2714\ufe0f","description":"\u25b7 Los mejores Neones led Mallorca para negocios, experiencia y calidad a su disposici\u00f3n . Fabricaci\u00f3n propia 100%","robots":{"index":"index","follow":"follow","max-snippet":"max-snippet:-1","max-image-preview":"max-image-preview:large","max-video-preview":"max-video-preview:-1"},"canonical":"https:\/\/ebrotulos.com\/ca\/neon-led\/","og_locale":"ca_ES","og_type":"article","og_title":"\u25b7 Ne\u00f3n LED en Mallorca\u30102026 \u3011Mejores precios\u2714\ufe0f","og_description":"\u25b7 Los mejores Neones led Mallorca para negocios, experiencia y calidad a su disposici\u00f3n . Fabricaci\u00f3n propia 100%","og_url":"https:\/\/ebrotulos.com\/ca\/neon-led\/","og_site_name":"EB R\u00f3tulos","article_modified_time":"2022-08-27T17:44:27+00:00","og_image":[{"width":1024,"height":576,"url":"https:\/\/ebrotulos.com\/wp-content\/uploads\/2022\/07\/10.webp","type":"image\/webp"}],"twitter_card":"summary_large_image","twitter_misc":{"Temps estimat de lectura":"6 minuts"},"schema":{"@context":"https:\/\/schema.org","@graph":[{"@type":"WebPage","@id":"https:\/\/ebrotulos.com\/neon-led","url":"https:\/\/ebrotulos.com\/neon-led","name":"\u25b7 Ne\u00f3n LED en Mallorca\u30102026 \u3011Mejores precios\u2714\ufe0f","isPartOf":{"@id":"https:\/\/ebrotulos.com\/#website"},"primaryImageOfPage":{"@id":"https:\/\/ebrotulos.com\/neon-led#primaryimage"},"image":{"@id":"https:\/\/ebrotulos.com\/neon-led#primaryimage"},"thumbnailUrl":"https:\/\/ebrotulos.com\/wp-content\/uploads\/2022\/07\/10.webp","datePublished":"2020-03-24T07:53:11+00:00","dateModified":"2022-08-27T17:44:27+00:00","description":"\u25b7 Los mejores Neones led Mallorca para negocios, experiencia y calidad a su disposici\u00f3n . Fabricaci\u00f3n propia 100%","breadcrumb":{"@id":"https:\/\/ebrotulos.com\/neon-led#breadcrumb"},"inLanguage":"ca","potentialAction":[{"@type":"ReadAction","target":["https:\/\/ebrotulos.com\/neon-led"]}]},{"@type":"ImageObject","inLanguage":"ca","@id":"https:\/\/ebrotulos.com\/neon-led#primaryimage","url":"https:\/\/ebrotulos.com\/wp-content\/uploads\/2022\/07\/10.webp","contentUrl":"https:\/\/ebrotulos.com\/wp-content\/uploads\/2022\/07\/10.webp","width":1024,"height":576,"caption":"NEON LED MALLORCA"},{"@type":"BreadcrumbList","@id":"https:\/\/ebrotulos.com\/neon-led#breadcrumb","itemListElement":[{"@type":"ListItem","position":1,"name":"Portada","item":"https:\/\/ebrotulos.com\/"},{"@type":"ListItem","position":2,"name":"Ne\u00f3n Led"}]},{"@type":"WebSite","@id":"https:\/\/ebrotulos.com\/#website","url":"https:\/\/ebrotulos.com\/","name":"EB R\u00f3tulos","description":"R\u00f3tulos en Mallorca","publisher":{"@id":"https:\/\/ebrotulos.com\/#organization"},"potentialAction":[{"@type":"SearchAction","target":{"@type":"EntryPoint","urlTemplate":"https:\/\/ebrotulos.com\/?s={search_term_string}"},"query-input":{"@type":"PropertyValueSpecification","valueRequired":true,"valueName":"search_term_string"}}],"inLanguage":"ca"},{"@type":"Organization","@id":"https:\/\/ebrotulos.com\/#organization","name":"EB R\u00f3tulos","url":"https:\/\/ebrotulos.com\/","logo":{"@type":"ImageObject","inLanguage":"ca","@id":"https:\/\/ebrotulos.com\/#\/schema\/logo\/image\/","url":"https:\/\/ebrotulos.com\/wp-content\/uploads\/2019\/01\/fon-principal-2.jpg","contentUrl":"https:\/\/ebrotulos.com\/wp-content\/uploads\/2019\/01\/fon-principal-2.jpg","width":900,"height":435,"caption":"EB R\u00f3tulos"},"image":{"@id":"https:\/\/ebrotulos.com\/#\/schema\/logo\/image\/"}}]}},"_links":{"self":[{"href":"https:\/\/ebrotulos.com\/ca\/wp-json\/wp\/v2\/pages\/1116","targetHints":{"allow":["GET"]}}],"collection":[{"href":"https:\/\/ebrotulos.com\/ca\/wp-json\/wp\/v2\/pages"}],"about":[{"href":"https:\/\/ebrotulos.com\/ca\/wp-json\/wp\/v2\/types\/page"}],"author":[{"embeddable":true,"href":"https:\/\/ebrotulos.com\/ca\/wp-json\/wp\/v2\/users\/2"}],"replies":[{"embeddable":true,"href":"https:\/\/ebrotulos.com\/ca\/wp-json\/wp\/v2\/comments?post=1116"}],"version-history":[{"count":0,"href":"https:\/\/ebrotulos.com\/ca\/wp-json\/wp\/v2\/pages\/1116\/revisions"}],"wp:featuredmedia":[{"embeddable":true,"href":"https:\/\/ebrotulos.com\/ca\/wp-json\/wp\/v2\/media\/1325"}],"wp:attachment":[{"href":"https:\/\/ebrotulos.com\/ca\/wp-json\/wp\/v2\/media?parent=1116"}],"wp:term":[{"taxonomy":"dipi_cpt_category","embeddable":true,"href":"https:\/\/ebrotulos.com\/ca\/wp-json\/wp\/v2\/dipi_cpt_category?post=1116"}],"curies":[{"name":"wp","href":"https:\/\/api.w.org\/{rel}","templated":true}]}}